{"id":35,"date":"2023-08-18T20:23:04","date_gmt":"2023-08-18T20:23:04","guid":{"rendered":"https:\/\/loos.com.pl\/?page_id=35"},"modified":"2025-06-19T18:38:28","modified_gmt":"2025-06-19T18:38:28","slug":"o-nas","status":"publish","type":"page","link":"https:\/\/loos.com.pl\/?page_id=35","title":{"rendered":"O nas"},"content":{"rendered":"\n<p><strong>edukacja<\/strong><br>2021-teraz<br>Ma\u0142opolska Okr\u0119gowa Izba Architekt\u00f3w<br>Cz\u0142onek czynny MPOIA\/083\/2021<br>UPRAWNIENIA BUDOWLANE<br>w specjalno\u015bci architektonicznej do projektowania bez ogranicze\u0144<\/p>\n\n\n\n<p>2007 &#8211; 2013<br>Politechnika Krakowska<br>Architektura i Urbanistyka<br><\/p>\n\n\n\n<p><strong>do\u015bwiadczenie zawodowe<\/strong><br>2015\/10-teraz<br>w\u0142asna dzia\u0142alno\u015b\u0107 &#8211; Krak\u00f3w, Polska<\/p>\n\n\n\n<p>od 2008 do 2022 do\u015bwiadczenie w biurach:<br>Ad Artis Architects &#8211; Krak\u00f3w, Polska<br>PES Architects &#8211; Helsinki, Finlandia<br>Probinvest Architekci &#8211; Krak\u00f3w, Polska<br><\/p>\n","protected":false},"excerpt":{"rendered":"<p>edukacja2021-terazMa\u0142opolska Okr\u0119gowa Izba Architekt\u00f3wCz\u0142onek czynny MPOIA\/083\/2021UPRAWNIENIA BUDOWLANEw specjalno\u015bci architektonicznej do projektowania bez ogranicze\u0144 2007 &#8211; 2013Politechnika KrakowskaArchitektura i Urbanistyka do\u015bwiadczenie zawodowe2015\/10-terazw\u0142asna dzia\u0142alno\u015b\u0107 &#8211; Krak\u00f3w, Polska od 2008 do 2022 do\u015bwiadczenie w biurach:Ad Artis Architects &#8211; Krak\u00f3w, PolskaPES Architects &#8211; Helsinki, FinlandiaProbinvest Architekci &#8211; Krak\u00f3w, Polska<\/p>\n","protected":false},"author":1,"featured_media":0,"parent":0,"menu_order":0,"comment_status":"closed","ping_status":"closed","template":"","meta":{"footnotes":""},"class_list":["post-35","page","type-page","status-publish","hentry"],"_links":{"self":[{"href":"https:\/\/loos.com.pl\/index.php?rest_route=\/wp\/v2\/pages\/35","targetHints":{"allow":["GET"]}}],"collection":[{"href":"https:\/\/loos.com.pl\/index.php?rest_route=\/wp\/v2\/pages"}],"about":[{"href":"https:\/\/loos.com.pl\/index.php?rest_route=\/wp\/v2\/types\/page"}],"author":[{"embeddable":true,"href":"https:\/\/loos.com.pl\/index.php?rest_route=\/wp\/v2\/users\/1"}],"replies":[{"embeddable":true,"href":"https:\/\/loos.com.pl\/index.php?rest_route=%2Fwp%2Fv2%2Fcomments&post=35"}],"version-history":[{"count":7,"href":"https:\/\/loos.com.pl\/index.php?rest_route=\/wp\/v2\/pages\/35\/revisions"}],"predecessor-version":[{"id":198,"href":"https:\/\/loos.com.pl\/index.php?rest_route=\/wp\/v2\/pages\/35\/revisions\/198"}],"wp:attachment":[{"href":"https:\/\/loos.com.pl\/index.php?rest_route=%2Fwp%2Fv2%2Fmedia&parent=35"}],"curies":[{"name":"wp","href":"https:\/\/api.w.org\/{rel}","templated":true}]}}